{"id":72,"date":"2019-11-04T13:43:31","date_gmt":"2019-11-04T12:43:31","guid":{"rendered":"http:\/\/jesienzbluesem.pl\/?page_id=72"},"modified":"2019-11-04T13:43:31","modified_gmt":"2019-11-04T12:43:31","slug":"previous-editions","status":"publish","type":"page","link":"https:\/\/jesienzbluesem.pl\/2019\/en\/previous-editions\/","title":{"rendered":"Previous editions"},"content":{"rendered":"<h3><a href=\"http:\/\/jesienzbluesem.pl\/2018\/\">2018<\/a><\/h3>\n<h4>22-24 November<\/h4>\n<h3><a href=\"http:\/\/jesienzbluesem.pl\/2017\/\">2017<\/a><\/h3>\n<h4>23-25 November<\/h4>\n<h3><a href=\"http:\/\/jesienzbluesem.pl\/2016\/\">2016<\/a><\/h3>\n<h4>23-26 November<\/h4>\n<h3><a href=\"http:\/\/jesienzbluesem.pl\/2015\/\">2015<\/a><\/h3>\n<h4>19-22 November<\/h4>\n<h3><a href=\"http:\/\/jesienzbluesem.pl\/2014\/\">2014<\/a><\/h3>\n<h4>19-22 November<\/h4>\n<h3><a href=\"http:\/\/jesienzbluesem.pl\/2013\/\">2013<\/a><\/h3>\n<h4>20-23 November<\/h4>\n<h3><a href=\"http:\/\/jesienzbluesem.pl\/2012\/\">2012<\/a><\/h3>\n<h4>22-24 November<\/h4>\n<h3><a href=\"http:\/\/jesienzbluesem.pl\/2011\/\">2011<\/a><\/h3>\n<h4>23-26 November<\/h4>\n<h3>2010<\/h3>\n<h4>25-27 November<\/h4>\n<p>(ko\u015bci\u00f3\u0142 \u015aw. Wojciecha, Forum) Suwa\u0142ki Gospel Choir, Why Ducky?, Boogie Boys, SBB, Bracia i Siostry, Harmonijkowy Atak, Przytu\u0142a i Kruk, Zva 12-28 Band, The California Honeydrops, Puste Biuro Imprezy towarzysz\u0105ce monodram \u201eMoja mama Janis\u201d w wykonaniu Jolanty Litwin-Sarzy\u0144skiej, spotkanie autorskie z Markiem Jakubowskim oraz promocja ksi\u0105\u017cki \u201eSzkice z kultury bluesa\u201d (wydawca BOK), Romka Puchowskiego, ods\u0142oni\u0119cie tablic na Alei Bluesa (Jarek Tioskow, Pawe\u0142 Berger, Cezary Czternastek, J\u00f3zef Skrzek, Marek Jakubowski, El\u017cbieta Mielczarek), warsztaty harmonijkowe<\/p>\n<h3>2009<\/h3>\n<h4>26-28 November<\/h4>\n<p>(ko\u015bci\u00f3\u0142 \u015aw. Wojciecha, Forum, Fama) Ewa Uryga z zespo\u0142em i ch\u00f3r Opole Gospel Choir, Bia\u0142ostocka Szko\u0142a Bluesa, Kasa Chorych, Caroline Mhlanga &amp; Uli Hanke &amp; Jazz Band Ball Orchestra, \u015al\u0105ska Grupa Bluesowa, HooDoo Band, Hard Times, Paul Lamb &amp; The King Snakes, Shakin Dudi imprezy towarzysz\u0105ce: projekcja film\u00f3w \u201eMartin Scorsese prezentuje \u2013 Blues\u201d, ods\u0142oni\u0119cie tablic na Alei Bluesa (Mira Kubasi\u0144ska, Jerzy Kawa Kawalec, Jan Skrzek, Ireneusz Dudek, Piotr Dziemski, Witold Frankiewicz), festiwal Blueskamera.pl, warsztaty harmonijkowe<\/p>\n<h3>2008<\/h3>\n<h4>19-22 November<\/h4>\n<p>(ko\u015bci\u00f3\u0142 \u015aw. Wojciecha, Forum, Fama) Beata Bednarz i ch\u00f3r Trzecia Godzina Dnia, Obstawa Prezydenta, Romek Puchowski, Tim Mitchell and Leszek Cicho\u0144ski Band, Os\u0142y, Bracia i Siostry, Karolina Cygonek i Tomi Blues Kapela, Wanda Johnson &amp; the Shrimp City Slim Blues Band, Krzak Impreza towarzysz\u0105ca &#8211; projekcja film\u00f3w \u201eCheat You Fair: The Story of Maxwell Street\u201d i \u201eElectrified: The Story of Maxwell Street Urban Blues\u201d oraz spotkanie z autorem Philem Ranstromem.<\/p>\n<h3>2007<\/h3>\n<h4>22-24 November<\/h4>\n<p>(ko\u015bci\u00f3\u0142 \u015bw. Wojciecha, Forum, Fama) J\u00f3zef Skrzek, Mietek Blues Band, Monty Waters, Martyna Jakubowicz i go\u015bcie (Roman Puchowski, Jan Ga\u0142ach), Blue Sounds, Devil Blues, Christoph Steinbach &amp; Boogie Boys, Frank Morey &amp; His Band, Si\u00f3dma w nocy.<\/p>\n<h3>2006<\/h3>\n<h4>24-25 November<\/h4>\n<p>(Forum) Devil Blues, Boogie Chilli, Gang Olsena, Leszek Cicho\u0144ski Guitar Workshop, Andy Egert Blues Band, JJBand, B.B &amp; The Blues Shacks, Phil Guy &amp; His Blues Band Feat. Bruce Feiner<\/p>\n<h3>2005<\/h3>\n<h4>25-26 November<\/h4>\n<p>(Forum) Dave Ellis Blues Band, Bulldog Gravy, Johnny Rawls Blues Band, The Hardworkers, Lester Kidson Band, Many More Exsperience Bandr, Harriet Lewis &amp; Opole Gosper Choir &amp;Jazz Band Ball Orchestra.<\/p>\n<h3>2004<\/h3>\n<h4>25-27 November<\/h4>\n<p>(Fama, Forum) Kasa Chorych z udzia\u0142em Micha\u0142a Kielaka i Tomka Kami\u0144skiego, Magda Piskorczyk, JJ Band Przez, Kadabra, Visegrad Triharp, Ike Cosse &amp; Hooter\u2019s Blues, Boogie Boys, Ana Popovic &amp; Band, Janice Harrington &amp; Jazz Band Ball Orchestra<\/p>\n<h3>2003<\/h3>\n<h4>20-22 November<\/h4>\n<p>(Fama, Forum) JJ Band, Beata Kossowska i LeBlue, Family Syle, D\u017cem, Kasa Chorych, Blues Flowers, Lady L &amp; The Blues Birds, Leszek Cicho\u0144ski, Wojciech Karolak &amp; John Tucker Band. Impreza towarzysz\u0105ca: spotkanie autorskie z Ryszardem Wola\u0144skim i prezentacja filmu Ma\u0142y Filmowy Leksykon Bluesa.<\/p>\n<h3>2002<\/h3>\n<h4>21-23 November<\/h4>\n<p>(Forum, Fama) Magda Piskorczyk, Easy Rider, Ewa Uryga, S\u0142awek Wierzcholski i Nocna Zmiana Bluesa, Formacja Fru, The Bluesmobile, Free Blues Band, Jean Shy i Jazz Band Ball Orchestra. Konkurs &#8211; Grand Prix &#8211; JJBand. Wyr\u00f3\u017cniono: After Hours i Kropla \u017bycia.<\/p>\n<h3>2001<\/h3>\n<h4>23-24 November<\/h4>\n<p>(Forum) Max Bonard Band, 48 Godzin, Jan Skrzek z Andrzejem Urnym, Jerzym Kawalcem, Arkiem Skolikiem, Tadeusz Nalepa, Tortilla Flat, Siona Neale &amp; Krzysztof Barcik Blues Band, Leszek Cicho\u0144ski and Friends (Stan Skibby, Marek Kap\u0142on, W\u0142odek Krakus, Wojciech Karolak, Anika) Konkurs &#8211; Grand Prix &#8211; Salceson Blues, wyr\u00f3\u017cniono duet Wojciech Hamka\u0142o i Tomasz Kalemba.<\/p>\n<h3>2000<\/h3>\n<h4>24-25 November<\/h4>\n<p>(Forum) Riders, Bobos Prochazka i Frozen Dozen, Gang Olsena, Banaszak &amp; The Best, Nocna Zmiana Bluesa, Pistol Pete &amp; Guitar Workshop, Kasa Chorych. konkurs: Grand Prix &#8211; Max Bonard Band. Wyr\u00f3\u017cniono: Teksasy, Maj, Duet J\u0119drzej Kubiak i Rafa\u0142 \u017bywiecki, Jerry&#8217;s Hole Band i Blue Water.<\/p>\n<h3>1999<\/h3>\n<h4>26-27 November<\/h4>\n<p>(Forum) 48 Godzin, Pig Bit, Cree, Kidnaper, Jan Skrzek, Kasa Chorych, S\u0142awek Wierzcholski Blue Grass konkurs &#8211; Grand Prix otrzyma\u0142 Riders, II miejsce: Integracja i Teksasy.<\/p>\n<h3>1998<\/h3>\n<h4>27-28 November<\/h4>\n<p>(Forum) D\u017cem, Nocna Zmiana Bluesa, David Lamar i Chuligani, Carlos Johnson i Guitar Workshop Leszka Cicho\u0144skiego reaktywacja konkursu \u2013 statuetk\u0119 \u201eZ\u0142otego li\u015bcia\u201d otrzyma\u0142 Kidnaper<\/p>\n<h3>1997<\/h3>\n<h4>21-22 November<\/h4>\n<p>(Forum, Fama) Kasa Chorych, Jan Izba Izbi\u0144ski, Tortilla Flat, Gang Olsena, The Flowers, City Blues, Dzie\u0144 Dobry, Mira Kubasi\u0144ska i After Blues, Nocna Zmiana Bluesa.<\/p>\n<h3>1996<\/h3>\n<h4>22-23 November<\/h4>\n<p>(Forum, Fama) Obstawa Prezydenta, Blues-Rock Guitar Workshop, Recydywa Blues Band, Browar \u0141om\u017ca, Zdrowa Woda, D\u017cem, Swawolny Dyzio, Nocna Zmiana Bluesa, Kasa Chorych, Easy Rider, Free Blues Band, Formacja FRU, Night Come, Monkey Biznes, 48 Godzin.<\/p>\n<h3>1989-1995<\/h3>\n<h4>Didn&#8217;t take place<\/h4>\n<h3>1988<\/h3>\n<h4>9-10 December<\/h4>\n<p>(Teatr im. W\u0119gierki) Modern Blues, New Jazz Trio, Obstawa Prezydenta, Bluestemper, Monkey Business, Free Blues Band, Dekiel, Zbigniew Niedzielski, duet Sz-Sz<\/p>\n<h3>1987<\/h3>\n<h4>26-28 October<\/h4>\n<p>(hala Jagiellonii, Filharmonia, Herkulesy) Tadeusz Nalepa z D\u017cemem, Joy Band, Big Warsaw Band Stanis\u0142awa Fija\u0142kowskiego z Ew\u0105 Bem, Lor\u0105 Szafran i Danut\u0105 B\u0142a\u017cejczyk, Krzysztof Cugowski z zespo\u0142em 5000 Z\u0142otych, Helena Mieszkuniec z Negro Spirituals Studio, Joy Band, duet Sz-Sz (Szprot-Szukalski), Lester \u201eBig Daddy\u201d Kinsey &amp; The Kinsey Report.<\/p>\n<h3>1986<\/h3>\n<h4>21-23 November<\/h4>\n<p>(Klub Rozrywki, Forum, Promenada) Bluestemper, Wielka \u0141\u00f3d\u017a, Big Band Ireneusza Dudka, Joy Band, Liliana Chyczy\u0144ska z grup\u0105 Pazur, Gra\u017cyna Augu\u015bcik, Jan Skrzek, Jorgos Skolias, Leszek Dranicki, Roman \u201ePazur\u201d Wojciechowski, Klub Piosenki Heleny Mieszkuniec, Nocna Zmiana Bluesa, Recydywa Blues Band, Easy Rider, Supergrupa Tadeusza Nalepy. Imprezy towarzysz\u0105ce \u2013 pokaz film\u00f3w video \u201eHistoria muzyki bluesowej\u201d<\/p>\n<h3>1985<\/h3>\n<h4>22-24 November<\/h4>\n<p>(Klub Mozaika, Klub Rozrywki, ACK, MDK, Forum, Herkulesy, Filharmonia) Big Band Ireneusza Dudka, Wielka \u0141\u00f3d\u017a, Easy Rider, After Blues, Nocna Zmiana Bluesa, Bluestemper, Leszek Dranicki, Jan Izbi\u0144ski, Grupa Bluesowa WOO Romana Wojciechowskiego, Jan Skrzek, Jorgos Skolias, Gra\u017cyna Augu\u015bcik. W konkursie im. Ryszarda Skibi\u0144skiego zagrali : Sagittarius, Browar \u0141om\u017ca, Grupa Jaros\u0142awa Tioskowa, 5000 Z\u0142otych, Sapieja-Dziano, Blue Haze, Non Iron, Time Blues, Remont, Gara\u017c. Nagrod\u0119 otrzyma\u0142a Grupa Jaros\u0142awa Tioskowa, wyr\u00f3\u017cnienie &#8211; Liliana Chyczy\u0144ska z Browaru \u0141om\u017ca. Imprezy towarzysz\u0105ce \u2013 pokaz film\u00f3w video \u201eHistoria bluesa ameryka\u0144skiego\u201d<\/p>\n<h3>1984<\/h3>\n<h4>23-25 November<\/h4>\n<p>(Forum, Herkulesy, Promenada, Filharmonia) Tadeusz Nalepa, Martyna Jakubowicz, Dudek Session, Winder Session, Jan Janowski, Pawe\u0142 Ostafil, Jan Skrzek, Jan Izbi\u0144ski, D\u017cem, Easy Rider, Nocna Zmiana Bluesa, Guy People Acoustic and Electric Band. Po raz pierwszy odby\u0142 si\u0119 konkurs o nagrod\u0119 im. Ryszarda Skibi\u0144skiego, udzia\u0142 wzi\u0119li m.in. Free Blues Band, Browar \u0141om\u017ca, Snopy, Browar Blues Band, Fandango, Pierwsza Linia, North Pole Jazz Band, 5000 z\u0142otych, Sekcja Magistra, Jama Blues, Cezary S\u0142omi\u0144ski, Mariusz Dobrzy\u0144ski. Nagrod\u0119 otrzyma\u0142a grupa Snopy z Elbl\u0105ga.<\/p>\n<h3>1983<\/h3>\n<h4>26-27 November<\/h4>\n<p>(Forum, Herkulesy, Promenada, Klub Rozrywki) Jerzy D\u0119bina, Ireneusz Dudek Blues Session, Kasa Chorych, Nocna Zmiana Bluesa, D\u017cem, Kapela Bluesowa \u0141\u0105kowa, Pawe\u0142 Ostafil, Easy Rider, Helena Mieszkuniec z Strange Fruit, 5000 Z\u0142otych, Blues Power. Projekt \u201ePozosta\u0142 po nim blues\u201d: Ireneusz Dudek, Pawe\u0142 Ostafil, Jan Izbi\u0144ski, Jan B\u0142\u0119dowski, Leszek Winder i Kasa Chorych. Imprezy towarzysz\u0105ce \u2013 ca\u0142onocne projekcje film\u00f3w video p.n. \u201eOd bluesa do heavy rocka\u201d<\/p>\n<h3>1982<\/h3>\n<h4>27-30 November<\/h4>\n<p>(Promenada, Klub Rozrywki, Forum) El\u017cbieta Mielczarek, Jan Skrzek, Kwadrat, Kasa Chorych, Aneta Broszewska z Kas\u0105 Chorych, Jan \u201eIzba\u201d Izbi\u0144ski, Nocna Zmiana Bluesa, Browar Blues Band, projekt: Skiba, Ryszard Riedel, Jaros\u0142aw Tioskow i Andrzej Kotarski.<\/p>\n<h3>1981<\/h3>\n<h4>20-22 November<\/h4>\n<p>(Gwint, Fama, ACK Sepularium, Klub Rozrywki, Forum) Grupa Balladowa \u201ePo Drodze\u201d, Gra\u017cyna Szarowicz i Marek \u015anie\u0107, Stanis\u0142aw Sojka z trio Marka Blizi\u0144skiego, Easy Rider, TSA, Oddzia\u0142 Zamkni\u0119ty, Canyon, Klimax, Gablota Band.<\/p>\n<h3>1980<\/h3>\n<h4>15-16 November<\/h4>\n<p>(Herkulesy, ACK Sepularium, Klub Rozrywki, Forum) El\u017cbieta Mielczarek, Martyna Jakubowicz, Marek Blizi\u0144ski, Stanis\u0142aw Sojka, Porter Band, Easy Rider, Country Family, Antykwariat, Oddzia\u0142 Zamkni\u0119ty, Cross, Piotr Pastor.<\/p>\n<h3>1979<\/h3>\n<h4>23-25 November<\/h4>\n<p>(Klub Rozrywki, Promenada, ACK Sepularium, Forum) Kasa Chorych, Irjan, Martyna Jakubowicz, Pawe\u0142 Ostafil, Micha\u0142 \u0141uszczy\u0144ski, Country Family, Marek \u015anie\u0107, Krzysztof Sadowski i Kazimierz Jonkisz, Anna Blanson i Sarah Colen z Night Jazz Orchestra wyst\u0105pi\u0142y wokalistki z Holandii.<\/p>\n<h3>1978<\/h3>\n<h4>25-26 November<\/h4>\n<p>(Promenada, ACK Sepularium, Klub Rozrywki) Kasa Chorych, Irjan (Ireneusz Dudek, Jan Janowski), Martyna Jakubowicz, Piotr Pastor, Micha\u0142 \u0141uszczy\u0144ski, grupa Macieja Pietracho-Ziemskiego, Mister Olek Country Band.<\/p>\n","protected":false},"excerpt":{"rendered":"<p>2018 22-24 November 2017 23-25 November 2016 23-26 November 2015 19-22 November 2014 19-22 November 2013 20-23 November 2012 22-24 November 2011 23-26 November 2010 25-27 November (ko\u015bci\u00f3\u0142 \u015aw. Wojciecha, [&hellip;]<\/p>\n","protected":false},"author":1,"featured_media":0,"parent":0,"menu_order":3,"comment_status":"closed","ping_status":"closed","template":"","meta":[],"_links":{"self":[{"href":"https:\/\/jesienzbluesem.pl\/2019\/wp-json\/wp\/v2\/pages\/72"}],"collection":[{"href":"https:\/\/jesienzbluesem.pl\/2019\/wp-json\/wp\/v2\/pages"}],"about":[{"href":"https:\/\/jesienzbluesem.pl\/2019\/wp-json\/wp\/v2\/types\/page"}],"author":[{"embeddable":true,"href":"https:\/\/jesienzbluesem.pl\/2019\/wp-json\/wp\/v2\/users\/1"}],"replies":[{"embeddable":true,"href":"https:\/\/jesienzbluesem.pl\/2019\/wp-json\/wp\/v2\/comments?post=72"}],"version-history":[{"count":0,"href":"https:\/\/jesienzbluesem.pl\/2019\/wp-json\/wp\/v2\/pages\/72\/revisions"}],"wp:attachment":[{"href":"https:\/\/jesienzbluesem.pl\/2019\/wp-json\/wp\/v2\/media?parent=72"}],"curies":[{"name":"wp","href":"https:\/\/api.w.org\/{rel}","templated":true}]}}