{"id":9,"date":"2019-11-04T13:44:03","date_gmt":"2019-11-04T12:44:03","guid":{"rendered":"http:\/\/jesienzbluesem.pl\/2019\/?page_id=9"},"modified":"2022-10-26T13:07:55","modified_gmt":"2022-10-26T11:07:55","slug":"kontakt","status":"publish","type":"page","link":"https:\/\/jesienzbluesem.pl\/2019\/kontakt\/","title":{"rendered":"Kontakt"},"content":{"rendered":"<h4>Biuro Festiwalu:<\/h4>\n<p>Bia\u0142ostocki O\u015brodek Kultury<\/p>\n<p>ul. Legionowa 5<\/p>\n<p>15-281 Bia\u0142ystok<\/p>\n<p>strona www: <a href=\"http:\/\/www.bok.bialystok.pl\" rel=\"nofollow\">www.bok.bialystok.pl<\/a><br \/>\nemail: &#x65;&#46;pu&#x63;&#x7a;yn&#x73;&#x6b;a&#64;&#x62;&#x6f;&#107;.&#x62;&#x69;&#97;l&#x79;&#x73;&#116;o&#x6b;&#x2e;&#112;l<\/p>\n<p><a href=\"&#x6d;a&#x69;l&#x74;&#111;&#x3a;&#x69;m&#x70;r&#x65;&#115;&#x61;&#114;i&#x61;t&#x40;&#98;&#x6f;&#107;.&#x62;i&#x61;l&#x79;&#115;t&#x6f;k&#x2e;p&#x6c;\" rel=\"nofollow\">i&#x6d;p&#114;&#x65;s&#97;&#x72;i&#x61;&#x74;&#64;&#x62;o&#107;&#x2e;b&#105;&#x61;l&#x79;&#x73;t&#x6f;&#x6b;.&#x70;l<\/a><\/p>\n<p>https:\/\/<a href=\"http:\/\/www.facebook.com\/jesienzbluesem\" rel=\"nofollow\">www.facebook.com\/jesienzbluesem<\/a><\/p>\n<p>https:\/\/<a href=\"http:\/\/www.facebook.com\/Bialostocki.Osrodek.Kultury\" rel=\"nofollow\">www.facebook.com\/Bialostocki.Osrodek.Kultury<\/a><\/p>\n<p>Biuro czynne: poniedzia\u0142ek &#8211; pi\u0105tek w godz. 8:30-16:00<\/p>\n<p>Kontakt:<br \/>\ntel. +48 85 746 13 22<br \/>\ntel. +48 85 746 13 20<\/p>\n<p>Festiwal sfinansowano z bud\u017cetu Miasta Bia\u0142ystok.<\/p>\n","protected":false},"excerpt":{"rendered":"<p>Biuro Festiwalu: Bia\u0142ostocki O\u015brodek Kultury ul. Legionowa 5 15-281 Bia\u0142ystok strona www: www.bok.bialystok.pl email: &#x65;&#x2e;&#112;ucz&#x79;&#x6e;&#x73;&#107;a&#64;&#x62;&#x6f;&#x6b;&#46;bi&#x61;&#x6c;&#x79;&#115;to&#x6b;&#x2e;&#x70;&#108; &#x69;&#x6d;&#x70;&#x72;&#x65;&#x73;&#x61;&#x72;&#x69;&#x61;&#x74;&#64;&#98;&#111;&#107;.bialysto&#x6b;&#x2e;&#x70;&#x6c; https:\/\/www.facebook.com\/jesienzbluesem https:\/\/www.facebook.com\/Bialostocki.Osrodek.Kultury Biuro czynne: poniedzia\u0142ek &#8211; pi\u0105tek w godz. 8:30-16:00 Kontakt: tel. +48 85 [&hellip;]<\/p>\n","protected":false},"author":1,"featured_media":0,"parent":0,"menu_order":5,"comment_status":"closed","ping_status":"closed","template":"","meta":[],"_links":{"self":[{"href":"https:\/\/jesienzbluesem.pl\/2019\/wp-json\/wp\/v2\/pages\/9"}],"collection":[{"href":"https:\/\/jesienzbluesem.pl\/2019\/wp-json\/wp\/v2\/pages"}],"about":[{"href":"https:\/\/jesienzbluesem.pl\/2019\/wp-json\/wp\/v2\/types\/page"}],"author":[{"embeddable":true,"href":"https:\/\/jesienzbluesem.pl\/2019\/wp-json\/wp\/v2\/users\/1"}],"replies":[{"embeddable":true,"href":"https:\/\/jesienzbluesem.pl\/2019\/wp-json\/wp\/v2\/comments?post=9"}],"version-history":[{"count":0,"href":"https:\/\/jesienzbluesem.pl\/2019\/wp-json\/wp\/v2\/pages\/9\/revisions"}],"wp:attachment":[{"href":"https:\/\/jesienzbluesem.pl\/2019\/wp-json\/wp\/v2\/media?parent=9"}],"curies":[{"name":"wp","href":"https:\/\/api.w.org\/{rel}","templated":true}]}}