{"id":91,"date":"2019-11-04T13:32:08","date_gmt":"2019-11-04T12:32:08","guid":{"rendered":"http:\/\/jesienzbluesem.pl\/2019\/?page_id=2"},"modified":"2022-10-26T13:39:20","modified_gmt":"2022-10-26T11:39:20","slug":"strona-glowna","status":"publish","type":"page","link":"https:\/\/jesienzbluesem.pl\/2019\/","title":{"rendered":"Strona g\u0142\u00f3wna"},"content":{"rendered":"<h2 class=\"h3\">27-30 listopada 2019.<\/h2>\n<p>Organizatorami pierwszej edycji festiwalu \u201eJesie\u0144 z bluesem\u201d w 1978 r. byli Miejski Dom Kultury w Bia\u0142ymstoku i Przedsi\u0119biorstwo Budowlane Przemys\u0142u Lekkiego. Ale przecie\u017c nie dosz\u0142o by do tego, gdyby nie pomys\u0142 i wielka determinacja w jego realizacji, dzia\u0142aj\u0105cej od 3 lat w tym mie\u015bcie Kasy Chorych i jej lidera Ry\u015bka Skibi\u0144skiego.<\/p>\n<p>\u201eJesie\u0144 z bluesem\u201d sta\u0142a si\u0119 drugim, po pozna\u0144skim \u201eFolk-Blues Meetingu\u201d festiwalem prezentuj\u0105cym polskich muzyk\u00f3w bluesowych. A \u017ce by\u0142o ich wtedy niewielu, tote\u017c obok Kasy Chorych i Irjanu (Irek Dudek i Jan Janowski), wyst\u0105pili tacy wykonawcy jak Martyna Jakubowicz czy muzycy country: Micha\u0142 \u0141uszczy\u0144ski oraz (kt\u00f3\u017c go dzi\u015b pami\u0119ta?) bia\u0142ostocki Mr. Olek Country Band.<\/p>\n<p>W nast\u0119pnym roku blues rozbrzmiewa\u0142 na najbardziej ekskluzywnych scenach miasta: w filharmonii, teatrze i oczywi\u015bcie w klubach. Na plakatach kolejnych \u201eJesieni\u201d, opr\u00f3cz Tadeusza Nalepy i Kasy Chorych pojawia\u0142y si\u0119 nazwiska i nazwy debiutant\u00f3w, a wkr\u00f3tce potem naszych najlepszych muzyk\u00f3w: Paw\u0142a Ostafila, El\u017cbiety Mielczarek, Stanis\u0142awa Sojki, Nocnej Zmiany Bluesa, Easy Rider, Jana \u201eKyksa\u201d Skrzeka, Leszka Windera a tak\u017ce dzi\u015b ju\u017c b\u0119d\u0105cych niestety histori\u0105, takich jak Kapela \u0141\u0105kowa, Joy Band, Bluestemper i Browar \u0141om\u017ca. Po dziesi\u0105tej edycji festiwalu w 1990 r. z udzia\u0142em m.in. chicagowskiej grupy The Kinsey Report, nast\u0105pi\u0142y dwie mniej udane, po czym organizowanie imprezy zawieszono.<\/p>\n<p>Kiedy w 1996 r. Bia\u0142ostocki O\u015brodek Kultury reaktywowa\u0142 \u201eJesie\u0144 z bluesem\u201d, ju\u017c teraz nieprzerwanie nast\u0119powa\u0142y po sobie jej kolejne wydania. Zacz\u0119\u0142o pojawia\u0107 si\u0119 coraz wi\u0119cej zagranicznych wykonawc\u00f3w. W latach 1998-2002 festiwalowi towarzyszy\u0142 konkurs, kt\u00f3rego laureatami byli [Kidnaper, Rider, Max Bonard Band, Sexy Mama, Formacja Fru, J.J. Band].<\/p>\n<p>Mo\u017cnaby zsumowa\u0107 ilo\u015b\u0107 muzyk\u00f3w jacy dotychczas przewin\u0119li si\u0119 przez festiwalow\u0105 scen\u0119, zliczy\u0107 godziny muzyki jakiej s\u0142uchali\u015bmy. Nie spos\u00f3b jednak w jakichkolwiek wielko\u015bciach wyrazi\u0107 doznania zrodzone z tak bezpo\u015brednich kontakt\u00f3w wykonawc\u00f3w i odbiorc\u00f3w bluesa \u2013 tej od zawsze niszowej muzyki. Na pewno zachowali je w pami\u0119ci uczestnicy tych spotka\u0144.<\/p>\n<p>Marek Jakubowski<\/p>\n","protected":false},"excerpt":{"rendered":"<p>27-30 listopada 2019. Organizatorami pierwszej edycji festiwalu \u201eJesie\u0144 z bluesem\u201d w 1978 r. byli Miejski Dom Kultury w Bia\u0142ymstoku i Przedsi\u0119biorstwo Budowlane Przemys\u0142u Lekkiego. Ale przecie\u017c nie dosz\u0142o by do [&hellip;]<\/p>\n","protected":false},"author":1,"featured_media":0,"parent":0,"menu_order":1,"comment_status":"closed","ping_status":"open","template":"","meta":[],"_links":{"self":[{"href":"https:\/\/jesienzbluesem.pl\/2019\/wp-json\/wp\/v2\/pages\/91"}],"collection":[{"href":"https:\/\/jesienzbluesem.pl\/2019\/wp-json\/wp\/v2\/pages"}],"about":[{"href":"https:\/\/jesienzbluesem.pl\/2019\/wp-json\/wp\/v2\/types\/page"}],"author":[{"embeddable":true,"href":"https:\/\/jesienzbluesem.pl\/2019\/wp-json\/wp\/v2\/users\/1"}],"replies":[{"embeddable":true,"href":"https:\/\/jesienzbluesem.pl\/2019\/wp-json\/wp\/v2\/comments?post=91"}],"version-history":[{"count":0,"href":"https:\/\/jesienzbluesem.pl\/2019\/wp-json\/wp\/v2\/pages\/91\/revisions"}],"wp:attachment":[{"href":"https:\/\/jesienzbluesem.pl\/2019\/wp-json\/wp\/v2\/media?parent=91"}],"curies":[{"name":"wp","href":"https:\/\/api.w.org\/{rel}","templated":true}]}}