{"id":9,"date":"2019-11-04T13:44:03","date_gmt":"2019-11-04T12:44:03","guid":{"rendered":"http:\/\/jesienzbluesem.pl\/2022\/?page_id=9"},"modified":"2021-07-07T12:41:09","modified_gmt":"2021-07-07T10:41:09","slug":"kontakt","status":"publish","type":"page","link":"https:\/\/jesienzbluesem.pl\/2022\/kontakt\/","title":{"rendered":"Kontakt"},"content":{"rendered":"<h4>Biuro Festiwalu:<\/h4>\n<p>Bia\u0142ostocki O\u015brodek Kultury<\/p>\n<p>ul. Legionowa 5<\/p>\n<p>15-281 Bia\u0142ystok<\/p>\n<p>strona www: <a href=\"http:\/\/www.bok.bialystok.pl\" rel=\"nofollow\">www.bok.bialystok.pl<\/a><br \/>\nemail: e&#46;&#x70;uc&#x7a;&#x79;n&#115;&#x6b;&#x61;&#64;&#98;&#x6f;k.&#x62;&#x69;a&#108;&#x79;&#x73;t&#111;&#x6b;.p&#x6c;<\/p>\n<p><a href=\"&#109;a&#105;l&#116;o&#x3a;i&#x6d;p&#x72;e&#x73;a&#x72;i&#x61;t&#x40;b&#x6f;k&#x2e;b&#x69;a&#x6c;y&#x73;t&#x6f;k&#x2e;p&#x6c;\" rel=\"nofollow\">i&#x6d;p&#114;&#x65;s&#x61;r&#105;&#x61;t&#x40;&#x62;o&#x6b;.&#98;&#x69;a&#x6c;&#x79;s&#x74;o&#107;&#x2e;p&#x6c;<\/a><\/p>\n<p>https:\/\/<a href=\"http:\/\/www.facebook.com\/jesienzbluesem\" rel=\"nofollow\">www.facebook.com\/jesienzbluesem<\/a><\/p>\n<p>https:\/\/<a href=\"http:\/\/www.facebook.com\/Bialostocki.Osrodek.Kultury\" rel=\"nofollow\">www.facebook.com\/Bialostocki.Osrodek.Kultury<\/a><\/p>\n<p>Biuro czynne: poniedzia\u0142ek &#8211; pi\u0105tek w godz. 8:30-16:00<\/p>\n<p>Kontakt:<br \/>\ntel. +48 85 746 13 22<br \/>\ntel. +48 85 746 13 20<\/p>\n<p>Festiwal sfinansowano z bud\u017cetu Miasta Bia\u0142ystok.<\/p>\n","protected":false},"excerpt":{"rendered":"<p>Biuro Festiwalu: Bia\u0142ostocki O\u015brodek Kultury ul. Legionowa 5 15-281 Bia\u0142ystok strona www: www.bok.bialystok.pl email: &#101;.&#x70;u&#x63;z&#x79;&#110;&#x73;&#107;a&#x40;b&#x6f;k&#x2e;b&#x69;&#97;&#x6c;&#121;s&#x74;o&#x6b;.&#x70;&#108; &#x69;&#x6d;&#112;re&#x73;&#x61;&#x72;&#105;at&#x40;&#x62;&#x6f;&#107;.b&#x69;&#x61;&#x6c;&#121;st&#x6f;&#x6b;&#x2e;&#112;l https:\/\/www.facebook.com\/jesienzbluesem https:\/\/www.facebook.com\/Bialostocki.Osrodek.Kultury Biuro czynne: poniedzia\u0142ek &#8211; pi\u0105tek w godz. 8:30-16:00 Kontakt: tel. +48 85 [&hellip;]<\/p>\n","protected":false},"author":1,"featured_media":0,"parent":0,"menu_order":5,"comment_status":"closed","ping_status":"closed","template":"","meta":[],"_links":{"self":[{"href":"https:\/\/jesienzbluesem.pl\/2022\/wp-json\/wp\/v2\/pages\/9"}],"collection":[{"href":"https:\/\/jesienzbluesem.pl\/2022\/wp-json\/wp\/v2\/pages"}],"about":[{"href":"https:\/\/jesienzbluesem.pl\/2022\/wp-json\/wp\/v2\/types\/page"}],"author":[{"embeddable":true,"href":"https:\/\/jesienzbluesem.pl\/2022\/wp-json\/wp\/v2\/users\/1"}],"replies":[{"embeddable":true,"href":"https:\/\/jesienzbluesem.pl\/2022\/wp-json\/wp\/v2\/comments?post=9"}],"version-history":[{"count":0,"href":"https:\/\/jesienzbluesem.pl\/2022\/wp-json\/wp\/v2\/pages\/9\/revisions"}],"wp:attachment":[{"href":"https:\/\/jesienzbluesem.pl\/2022\/wp-json\/wp\/v2\/media?parent=9"}],"curies":[{"name":"wp","href":"https:\/\/api.w.org\/{rel}","templated":true}]}}