{"id":10,"date":"2023-10-22T23:23:18","date_gmt":"2023-10-22T21:23:18","guid":{"rendered":"http:\/\/jesienzbluesem.pl\/2023\/?page_id=10"},"modified":"2024-04-02T21:47:51","modified_gmt":"2024-04-02T19:47:51","slug":"deklaracja-dostepnosci","status":"publish","type":"page","link":"https:\/\/jesienzbluesem.pl\/2023\/deklaracja-dostepnosci\/","title":{"rendered":"Deklaracja dost\u0119pno\u015bci"},"content":{"rendered":"<h2>Deklaracja dost\u0119pno\u015bci<\/h2>\n<p><span id=\"a11y-wstep\"><span id=\"a11y-podmiot\">Bia\u0142ostocki O\u015brodek Kultury<\/span> zobowi\u0105zuje si\u0119 zapewni\u0107 dost\u0119pno\u015b\u0107 swojej strony internetowej zgodnie z przepisami ustawy z dnia 4 kwietnia 2019 r. o dost\u0119pno\u015bci cyfrowej stron internetowych i aplikacji mobilnych podmiot\u00f3w publicznych. O\u015bwiadczenie w sprawie dost\u0119pno\u015bci ma zastosowanie do strony internetowej <a id=\"a11y-url\" href=\"http:\/\/jesienzbluesem.pl\/2023\">jesienzbluesem.pl\/2023<\/a>.<\/span><\/p>\n<p>Data publikacji strony internetowej: <strong><span id=\"a11y-data-publikacja\">2011-11-26<\/span><\/strong><\/p>\n<p>Data ostatniej istotnej aktualizacji:<strong> <span id=\"a11y-data-aktualizacja\">2021-04-30<\/span><\/strong><\/p>\n<p><span id=\"a11y-status\">Strona internetowa jest <strong>cz\u0119\u015bciowo zgodna<\/strong> z ustaw\u0105 z dnia 4 kwietnia 2019 r. o dost\u0119pno\u015bci cyfrowej stron internetowych i aplikacji mobilnych podmiot\u00f3w publicznych z powodu niezgodno\u015bci lub wy\u0142\u0105cze\u0144 wymienionych poni\u017cej:<\/span><\/p>\n<ul>\n<li>nie wszystkie odno\u015bniki otwieraj\u0105ce si\u0119 w nowym oknie informuj\u0105 o tym,<\/li>\n<li>menu nie dzia\u0142a tak samo na wszystkich stronach,<\/li>\n<li>nie wszystkie odno\u015bniki s\u0105 poprawnie opisane,<\/li>\n<li>nie elementy graficzne s\u0105 poprawnie opisane,<\/li>\n<li>nie wszystkie elementy spe\u0142niaj\u0105 wymagania dotycz\u0105ce kontrastu (strona posiada opcj\u0119 w\u0142\u0105czenia trybu wysokiego kontrastu).<\/li>\n<\/ul>\n<p>BOK b\u0119dzie d\u0105\u017cy\u0107 do zlikwidowania wy\u017cej wymienionych niezgodno\u015bci niezw\u0142ocznie, przy uwzgl\u0119dnieniu warunk\u00f3w organizacyjno-technicznych.<\/p>\n<p>O\u015bwiadczenie sporz\u0105dzono dnia: <span id=\"a11y-data-sporzadzenie\"><strong>2024-03-25<\/strong><\/span>. <em>Deklaracj\u0119 sporz\u0105dzono na podstawie samooceny przeprowadzonej przez podmiot publiczny.<\/em><\/p>\n<p>Na stronie internetowej mo\u017cna u\u017cywa\u0107 standardowych skr\u00f3t\u00f3w klawiaturowych przegl\u0105darki.<\/p>\n<h3 id=\"a11y-kontakt\">Informacje zwrotne i dane kontaktowe<\/h3>\n<p><em>W przypadku problem\u00f3w z dost\u0119pno\u015bci\u0105 strony internetowej prosimy o kontakt. Osob\u0105 kontaktow\u0105 jest <span id=\"a11y-osoba\">koordynator ds. dost\u0119pno\u015bci<\/span>, <a href=\"ma&#x69;&#x6c;&#x74;o:&#100;&#x6f;&#x73;te&#112;&#x6e;&#x6f;sc&#64;&#x62;&#x6f;&#x6b;.b&#x69;&#x61;&#x6c;ys&#116;&#x6f;&#x6b;.p&#108;\" rel=\"nofollow\"><span id=\"a11y-email\">d&#111;&#x73;te&#x70;&#x6e;os&#x63;&#x40;bo&#x6b;&#x2e;b&#105;&#x61;&#x6c;y&#115;&#x74;&#x6f;k&#46;&#x70;l<\/span><\/a>.<\/em><\/p>\n<p><em>Kontaktowa\u0107 mo\u017cna si\u0119 tak\u017ce, dzwoni\u0105c na numer telefonu <span id=\"a11y-telefon\">85 746 13 14<\/span>. T\u0105 sam\u0105 drog\u0105 mo\u017cna sk\u0142ada\u0107 wnioski o udost\u0119pnienie informacji niedost\u0119pnej oraz sk\u0142ada\u0107 \u017c\u0105dania zapewnienia dost\u0119pno\u015bci.<\/em><\/p>\n<p><em><span id=\"a11y-procedura\">Ka\u017cdy ma prawo do wyst\u0105pienia z \u017c\u0105daniem zapewnienia dost\u0119pno\u015bci cyfrowej strony internetowej, aplikacji mobilnej lub jakiego\u015b ich elementu. Mo\u017cna tak\u017ce za\u017c\u0105da\u0107 udost\u0119pnienia informacji za pomoc\u0105 alternatywnego sposobu dost\u0119pu, na przyk\u0142ad przez odczytanie niedost\u0119pnego cyfrowo dokumentu, opisanie zawarto\u015bci filmu bez audiodeskrypcji itp. \u017b\u0105danie powinno zawiera\u0107 dane osoby zg\u0142aszaj\u0105cej \u017c\u0105danie, wskazanie, o kt\u00f3r\u0105 stron\u0119 internetow\u0105 lub aplikacj\u0119 mobiln\u0105 chodzi oraz spos\u00f3b kontaktu. Je\u017celi osoba \u017c\u0105daj\u0105ca zg\u0142asza potrzeb\u0119 otrzymania informacji za pomoc\u0105 alternatywnego sposobu dost\u0119pu, powinna tak\u017ce okre\u015bli\u0107 dogodny dla niej spos\u00f3b przedstawienia tej informacji. Podmiot publiczny powinien zrealizowa\u0107 \u017c\u0105danie niezw\u0142ocznie, nie p\u00f3\u017aniej ni\u017c w ci\u0105gu 7 dni od dnia wyst\u0105pienia z \u017c\u0105daniem. Je\u017celi dotrzymanie tego terminu nie jest mo\u017cliwe, podmiot publiczny niezw\u0142ocznie informuje o tym wnosz\u0105cego \u017c\u0105danie, kiedy realizacja \u017c\u0105dania b\u0119dzie mo\u017cliwa, przy czym termin ten nie mo\u017ce by\u0107 d\u0142u\u017cszy ni\u017c 2 miesi\u0105ce od dnia wyst\u0105pienia z \u017c\u0105daniem. Je\u017celi zapewnienie dost\u0119pno\u015bci cyfrowej nie jest mo\u017cliwe, podmiot publiczny mo\u017ce zaproponowa\u0107 alternatywny spos\u00f3b dost\u0119pu do informacji. W przypadku, gdy podmiot publiczny odm\u00f3wi realizacji \u017c\u0105dania zapewnienia dost\u0119pno\u015bci lub alternatywnego sposobu dost\u0119pu do informacji, wnosz\u0105cy \u017c\u0105danie mo\u017cne z\u0142o\u017cy\u0107 skarg\u0119 w sprawie zapewniana dost\u0119pno\u015bci cyfrowej strony internetowej, aplikacji mobilnej lub elementu strony internetowej, lub aplikacji mobilnej. Po wyczerpaniu wskazanej wy\u017cej procedury mo\u017cna tak\u017ce z\u0142o\u017cy\u0107 wniosek do <a href=\"https:\/\/www.rpo.gov.pl\/pl\" rel=\"noopener noreferrer nofollow\">Rzecznika Praw Obywatelskich<\/a>.<\/span><\/em><\/p>\n<h3 id=\"a11y-architektura\">Dost\u0119pno\u015b\u0107 architektoniczna<\/h3>\n<p>Bia\u0142ostocki O\u015brodek Kultury prowadzi dzia\u0142alno\u015b\u0107 w dw\u00f3ch obiektach.<\/p>\n<h4>Budynek, ul. Legionowa 5<\/h4>\n<p>Do budynku prowadz\u0105 trzy oddzielne wej\u015bcia znajduj\u0105ce si\u0119 na parterze: do biur, kawiarni Fama i kina Forum. Podjazdy znajduj\u0105 si\u0119 tylko przy wej\u015bciach do kawiarni Fama i kina Forum, nie ma mo\u017cliwo\u015bci dostania si\u0119 do cz\u0119\u015bci biurowej osobom z niepe\u0142nosprawno\u015bci\u0105 ruchow\u0105.<\/p>\n<p>Wchodz\u0105c do kina Forum, kasa znajduje si\u0119 po prawej stronie w g\u0142\u0119bi budynku. Dalsze przej\u015bcie zabezpieczone jest drzwiami, kt\u00f3re otwierane s\u0105 przez pracownika instytucji i przez kt\u00f3re mo\u017ce przejecha\u0107 osoba poruszaj\u0105ca si\u0119 przy pomocy w\u00f3zka, chodzika czy osoba z w\u00f3zkiem dzieci\u0119cym.<\/p>\n<p>Znajduj\u0105c si\u0119 na terenie kina, mo\u017cna przemieszcza\u0107 si\u0119 mi\u0119dzy dwoma kondygnacjami za pomoc\u0105 platformy d\u017awigowej w asy\u015bcie pracownika instytucji (zlokalizowanej po lewej stronie od wej\u015bcia) lub schodami oznaczonymi kontrastowo (zlokalizowanymi na wprost od wej\u015bcia). Na parterze po prawej stronie znajduje si\u0119 toaleta dla os\u00f3b z niepe\u0142nosprawno\u015bciami. Sala kinowa znajduje si\u0119 na pierwszym pi\u0119trze, umieszczona centralnie w budynku. Wej\u015bcia do niej znajduj\u0105 si\u0119 po obu stronach.<\/p>\n<p>W sali kinowej nie ma wyznaczonych miejsc dla os\u00f3b z niepe\u0142nosprawno\u015bci\u0105.<\/p>\n<p>W budynku nie ma informacji na temat rozk\u0142adu pomieszcze\u0144 ani w spos\u00f3b wizualny i dotykowy, ani g\u0142osowy.<\/p>\n<p>Przed budynkiem przy ul. Legionowej s\u0105 wyznaczone dwa miejsca parkingowe dla os\u00f3b z niepe\u0142nosprawno\u015bci\u0105.<\/p>\n<p>Do budynku i jego pomieszcze\u0144 mo\u017cna wej\u015b\u0107 z psem asystuj\u0105cym i psem przewodnikiem z wyj\u0105tkiem pomieszcze\u0144 technicznych.<\/p>\n<p>W budynku mo\u017cna skorzysta\u0107 z rozmowy z osob\u0105 znaj\u0105c\u0105 PJM i SJM w ci\u0105gu 2-3 dni od zg\u0142oszenia takiej potrzeby.<\/p>\n<h4>Budynek CLZ, ul. Warszawska 19<\/h4>\n<p>Do budynku prowadz\u0105 dwa oddzielne wej\u015bcia znajduj\u0105ce si\u0119 na parterze. Przy wej\u015bciu g\u0142\u00f3wnym znajduje si\u0119 dzwonek, kt\u00f3ry informuje pracownik\u00f3w kasy CLZ o potrzebie otworzenia drzwi bocznych, do kt\u00f3rych prowadzi podjazd.<\/p>\n<p>Wchodz\u0105c do budynku, kasa znajduje si\u0119 po lewej stronie od wej\u015bcia g\u0142\u00f3wnego lub po prawej od wej\u015bcia bocznego.<\/p>\n<p>Znajduj\u0105c si\u0119 na terenie budynku mo\u017cna przemieszcza\u0107 si\u0119 mi\u0119dzy trzema kondygnacjami za pomoc\u0105 windy (zlokalizowanej za kas\u0105 CLZ po prawej stronie) lub schodami oznaczonymi kontrastowo (zlokalizowanymi na wprost od wej\u015bcia g\u0142\u00f3wnego).<\/p>\n<p>Na ka\u017cdej z kondygnacji znajduje si\u0119 oznaczona toaleta dla os\u00f3b z niepe\u0142nosprawno\u015bciami wyposa\u017cona w przycisk alarmowy.<\/p>\n<p>Sale wystawowe znajduj\u0105 si\u0119 na parterze i pierwszym pi\u0119trze.<\/p>\n<p>W budynku nie ma informacji na temat rozk\u0142adu pomieszcze\u0144 ani w spos\u00f3b wizualny i dotykowy, ani g\u0142osowy.<\/p>\n<p>Przed budynkiem przy ul. Warszawskiej jest wyznaczone miejsce parkingowe dla os\u00f3b z niepe\u0142nosprawno\u015bci\u0105.<\/p>\n<p>Do budynku i jego pomieszcze\u0144 mo\u017cna wej\u015b\u0107 z psem asystuj\u0105cym i psem przewodnikiem z wyj\u0105tkiem pomieszcze\u0144 technicznych.<\/p>\n<p>W budynku mo\u017cna skorzysta\u0107 z rozmowy z osob\u0105 znaj\u0105c\u0105 PJM i SJM w ci\u0105gu 2-3 dni od zg\u0142oszenia takiej potrzeby.<\/p>\n","protected":false},"excerpt":{"rendered":"<p>Deklaracja dost\u0119pno\u015bci Bia\u0142ostocki O\u015brodek Kultury zobowi\u0105zuje si\u0119 zapewni\u0107 dost\u0119pno\u015b\u0107 swojej strony internetowej zgodnie z przepisami ustawy z dnia 4 kwietnia 2019 r. o dost\u0119pno\u015bci cyfrowej stron internetowych i aplikacji mobilnych [&hellip;]<\/p>\n","protected":false},"author":1,"featured_media":0,"parent":0,"menu_order":0,"comment_status":"closed","ping_status":"closed","template":"","meta":[],"_links":{"self":[{"href":"https:\/\/jesienzbluesem.pl\/2023\/wp-json\/wp\/v2\/pages\/10"}],"collection":[{"href":"https:\/\/jesienzbluesem.pl\/2023\/wp-json\/wp\/v2\/pages"}],"about":[{"href":"https:\/\/jesienzbluesem.pl\/2023\/wp-json\/wp\/v2\/types\/page"}],"author":[{"embeddable":true,"href":"https:\/\/jesienzbluesem.pl\/2023\/wp-json\/wp\/v2\/users\/1"}],"replies":[{"embeddable":true,"href":"https:\/\/jesienzbluesem.pl\/2023\/wp-json\/wp\/v2\/comments?post=10"}],"version-history":[{"count":0,"href":"https:\/\/jesienzbluesem.pl\/2023\/wp-json\/wp\/v2\/pages\/10\/revisions"}],"wp:attachment":[{"href":"https:\/\/jesienzbluesem.pl\/2023\/wp-json\/wp\/v2\/media?parent=10"}],"curies":[{"name":"wp","href":"https:\/\/api.w.org\/{rel}","templated":true}]}}