{"id":56,"date":"2023-11-06T10:55:04","date_gmt":"2023-11-06T09:55:04","guid":{"rendered":"http:\/\/jesienzbluesem.pl\/2023\/?page_id=56"},"modified":"2023-11-06T10:55:04","modified_gmt":"2023-11-06T09:55:04","slug":"program-2017","status":"publish","type":"page","link":"https:\/\/jesienzbluesem.pl\/2023\/program-2017\/","title":{"rendered":"Program 2017"},"content":{"rendered":"<p><strong>33. Jesie\u0144 z Bluesem<\/strong><\/p>\n<p><strong>Bia\u0142ystok, 23-25 listopada 2017<\/strong><\/p>\n<p><strong>23 listopada <\/strong><\/p>\n<p><strong>kino Forum <\/strong><strong><em>bilet 20z\u0142<\/em><\/strong><br \/>\ngodz. 20:00 Como Mamas (USA)<br \/>\ngodz. 22:05 Joanna Knitter Blues&amp;Folk Connection (PL) \u2013 Transmisja live na antenie radiowej Tr\u00f3jki w audycji Jana Chojnackiego \u201eBielszy odcie\u0144 bluesa\u201d<\/p>\n<p><strong>24 listopada<\/strong><br \/>\n<strong>godz. <\/strong><strong>18:00 kino Forum <\/strong><strong><em>bilet 50zl<\/em><\/strong><br \/>\nEmilia Sisco &amp; Helge Tallqvist Band (FI)<br \/>\nNina Massara (DK\/USA)<br \/>\nMatt Schofield (GB\/USA)<br \/>\n<strong>godz. <\/strong><strong>23:00 klub Fama <\/strong><strong><em>bilet 20z\u0142<\/em><\/strong><br \/>\nG\u0119sia Sk\u00f3rka Band (PL)<\/p>\n<p><strong>25 listopada<\/strong><br \/>\n<strong>godz. <\/strong><strong>18:00 kino Forum <\/strong><strong><em>bilet 50z\u0142<\/em><\/strong><br \/>\nBonita &amp; The Blues Shacks (RPA\/DE)<br \/>\nNick Schnebelen Band (USA)<br \/>\nTrudy Lynn &amp; The \u00d6zdemirs feat. Steve Krase (USA\/DE)<br \/>\n<strong>godz. <\/strong><strong>23:00 klub Fama <\/strong><strong><em>bilet 20z\u0142<\/em><\/strong><br \/>\nAmusing Companions (PL) \u2013 Fama<\/p>\n<p><em>karnet na koncerty 130 z\u0142 (liczba ograniczona)<br \/>\n<\/em><\/p>\n<p>koncerty poprowadzi Marek Jakubowski<\/p>\n<p>Wydarzenia towarzysz\u0105ce:<\/p>\n<p><strong>23 listopada<\/strong> Klub Fama godz. 19:00<\/p>\n<p>wernisa\u017c wystawy malarstwa Danuty Matysik | Dana Art. &#8222;Obrazki z podr\u00f3\u017cy. Miejsca i ludzie&#8221;<\/p>\n<p>wystawa fotografii \u201e32. Jesie\u0144 z Bluesem\u201d Tomka Pienickiego &#8211; foyer Forum<\/p>\n<p>projekcje film\u00f3w w kinie Forum:<\/p>\n<p><strong>8 listopada<\/strong> godz. 20:00 <strong><em>bilet 12z\u0142<\/em><\/strong><\/p>\n<p>Rumble. Jak Indianie zatrz\u0119\u015bli \u015bwiatem muzyki<\/p>\n<p>(Rumble: The Indians Who Rocked the World) \u2018103 min<\/p>\n<p>Kanada, 2017, re\u017c.: Catherine Bainbridge<\/p>\n<p><strong>15 listopada<\/strong> godz. 20:00 <strong><em>bilet 12z\u0142<\/em><\/strong><\/p>\n<p>I Am the Blues \u2018106 min<\/p>\n<p>USA, 2015, re\u017c.: Daniel Cross<\/p>\n<p>Wprowadzenie do filmu \u2013 Jan Chojnacki<\/p>\n<p>&nbsp;<\/p>\n<p>&nbsp;<\/p>\n","protected":false},"excerpt":{"rendered":"<p>33. Jesie\u0144 z Bluesem Bia\u0142ystok, 23-25 listopada 2017 23 listopada kino Forum bilet 20z\u0142 godz. 20:00 Como Mamas (USA) godz. 22:05 Joanna Knitter Blues&amp;Folk Connection (PL) \u2013 Transmisja live na [&hellip;]<\/p>\n","protected":false},"author":2,"featured_media":0,"parent":0,"menu_order":0,"comment_status":"closed","ping_status":"closed","template":"","meta":[],"_links":{"self":[{"href":"https:\/\/jesienzbluesem.pl\/2023\/wp-json\/wp\/v2\/pages\/56"}],"collection":[{"href":"https:\/\/jesienzbluesem.pl\/2023\/wp-json\/wp\/v2\/pages"}],"about":[{"href":"https:\/\/jesienzbluesem.pl\/2023\/wp-json\/wp\/v2\/types\/page"}],"author":[{"embeddable":true,"href":"https:\/\/jesienzbluesem.pl\/2023\/wp-json\/wp\/v2\/users\/2"}],"replies":[{"embeddable":true,"href":"https:\/\/jesienzbluesem.pl\/2023\/wp-json\/wp\/v2\/comments?post=56"}],"version-history":[{"count":0,"href":"https:\/\/jesienzbluesem.pl\/2023\/wp-json\/wp\/v2\/pages\/56\/revisions"}],"wp:attachment":[{"href":"https:\/\/jesienzbluesem.pl\/2023\/wp-json\/wp\/v2\/media?parent=56"}],"curies":[{"name":"wp","href":"https:\/\/api.w.org\/{rel}","templated":true}]}}