{"id":64,"date":"2023-11-06T11:46:45","date_gmt":"2023-11-06T10:46:45","guid":{"rendered":"http:\/\/jesienzbluesem.pl\/2023\/?page_id=64"},"modified":"2023-11-06T11:46:45","modified_gmt":"2023-11-06T10:46:45","slug":"program-2011","status":"publish","type":"page","link":"https:\/\/jesienzbluesem.pl\/2023\/program-2011\/","title":{"rendered":"Program 2011"},"content":{"rendered":"<p><strong>27. Jesie\u0144 z Bluesem<\/strong><br \/>\n<strong>Bia\u0142ystok, 23-26 listopada<\/strong><\/p>\n<p>&nbsp;<\/p>\n<p><strong>23 listopada <\/strong><\/p>\n<p>godz. 17.30, ods\u0142oni\u0119cie tablic na Alei Bluesa<\/p>\n<p>godz. 18.00 ,Fama &#8211; BLUESJANA &#8211; SPOTKANIE Z JANEM CHOJNACKIM prowadzi Marek Jakubowski, koncert Werbi\u0144ska &amp; Pawlina<\/p>\n<p><strong>24 listopada<\/strong> \u2013 godz. 19.30, ko\u015bci\u00f3\u0142 \u015bw. Wojciecha &#8211; koncert gospel Johnny Thompson Singers (USA) <em>bilety: 10z\u0142 przedsprzeda\u017c, 15 z\u0142 w dniu koncertu<\/p>\n<p><\/em><\/p>\n<p><strong>25 listopada<\/strong> \u2013 godz. 18.00, Forum: Marek Makaron Trio feat. Minix, Beata Kossowska &amp; United Blues Experience (PL\/DE), Pat Smillie Band (USA) <em>bilety &#8211; 40z\u0142<\/p>\n<p><\/em><\/p>\n<p>godz. 22.00, Fama &#8211; Zydeco Flow, <em>bilety &#8211; 10z\u0142<\/p>\n<p><\/em><\/p>\n<p><strong>26 listopada<\/strong> \u2013 godz. 15.00, Fama spotkanie <em>Harmonijka bez tajemnic (\u0141\u0119czycki, Kami\u0144ski, Kielak, , Wi\u015bniewski)<\/em><\/p>\n<p>godz. 18.00, Forum: Kajetan Drozd Acoustic Trio, Latvian Blues Band (LV), Howlin\u2019 Bill (BE) <em>bilety &#8211; 40z\u0142<\/p>\n<p><\/em><\/p>\n<p>godz. 22.00, Fama &#8211; Harmonijkowy Atak, <em>bilety &#8211; 10z\u0142<\/em><\/p>\n<p>koncerty poprowadzi Marek Jakubowski<\/p>\n","protected":false},"excerpt":{"rendered":"<p>27. Jesie\u0144 z Bluesem Bia\u0142ystok, 23-26 listopada &nbsp; 23 listopada godz. 17.30, ods\u0142oni\u0119cie tablic na Alei Bluesa godz. 18.00 ,Fama &#8211; BLUESJANA &#8211; SPOTKANIE Z JANEM CHOJNACKIM prowadzi Marek Jakubowski, [&hellip;]<\/p>\n","protected":false},"author":2,"featured_media":0,"parent":0,"menu_order":0,"comment_status":"closed","ping_status":"closed","template":"","meta":[],"_links":{"self":[{"href":"https:\/\/jesienzbluesem.pl\/2023\/wp-json\/wp\/v2\/pages\/64"}],"collection":[{"href":"https:\/\/jesienzbluesem.pl\/2023\/wp-json\/wp\/v2\/pages"}],"about":[{"href":"https:\/\/jesienzbluesem.pl\/2023\/wp-json\/wp\/v2\/types\/page"}],"author":[{"embeddable":true,"href":"https:\/\/jesienzbluesem.pl\/2023\/wp-json\/wp\/v2\/users\/2"}],"replies":[{"embeddable":true,"href":"https:\/\/jesienzbluesem.pl\/2023\/wp-json\/wp\/v2\/comments?post=64"}],"version-history":[{"count":0,"href":"https:\/\/jesienzbluesem.pl\/2023\/wp-json\/wp\/v2\/pages\/64\/revisions"}],"wp:attachment":[{"href":"https:\/\/jesienzbluesem.pl\/2023\/wp-json\/wp\/v2\/media?parent=64"}],"curies":[{"name":"wp","href":"https:\/\/api.w.org\/{rel}","templated":true}]}}