{"id":61,"date":"2024-11-08T17:28:30","date_gmt":"2024-11-08T16:28:30","guid":{"rendered":"https:\/\/jesienzbluesem.pl\/2023\/?page_id=61"},"modified":"2024-11-08T17:28:30","modified_gmt":"2024-11-08T16:28:30","slug":"kontakt","status":"publish","type":"page","link":"https:\/\/jesienzbluesem.pl\/2024\/kontakt\/","title":{"rendered":"Kontakt"},"content":{"rendered":"<h4>Biuro Festiwalu:<\/h4>\n<p>Bia\u0142ostocki O\u015brodek Kultury<\/p>\n<p>ul. Legionowa 5<\/p>\n<p>15-281 Bia\u0142ystok<\/p>\n<p>strona www: <a href=\"http:\/\/www.bok.bialystok.pl\" rel=\"nofollow\">www.bok.bialystok.pl<\/a><br \/>\nemail: &#x65;&#x2e;&#x70;&#117;czy&#x6e;&#x73;&#x6b;&#97;&#64;bo&#x6b;&#x2e;&#x62;&#105;aly&#x73;&#x74;&#x6f;&#107;.pl<\/p>\n<p><a href=\"m&#x61;i&#x6c;&#x74;o&#x3a;i&#109;&#x70;r&#x65;s&#97;&#x72;i&#x61;t&#64;&#x62;o&#x6b;&#x2e;b&#x69;a&#108;&#x79;s&#x74;o&#107;&#x2e;p&#x6c;\" rel=\"nofollow\">&#x69;&#x6d;&#x70;&#x72;&#x65;&#x73;&#x61;&#x72;&#x69;&#x61;&#x74;&#x40;&#x62;&#x6f;&#x6b;&#x2e;&#x62;&#x69;&#x61;&#x6c;&#x79;&#x73;&#116;&#111;&#107;&#46;&#112;&#108;<\/a><\/p>\n<p>https:\/\/<a href=\"http:\/\/www.facebook.com\/jesienzbluesem\" rel=\"nofollow\">www.facebook.com\/jesienzbluesem<\/a><\/p>\n<p>https:\/\/<a href=\"http:\/\/www.facebook.com\/Bialostocki.Osrodek.Kultury\" rel=\"nofollow\">www.facebook.com\/Bialostocki.Osrodek.Kultury<\/a><\/p>\n<p>Biuro czynne: poniedzia\u0142ek &#8211; pi\u0105tek w godz. 8:30-16:00<\/p>\n<p>Kontakt:<br \/>\ntel. +48 85 746 13 22<br \/>\ntel. +48 85 746 13 20<\/p>\n<p>Festiwal sfinansowano z bud\u017cetu Miasta Bia\u0142ystok.<\/p>\n","protected":false},"excerpt":{"rendered":"<p>Biuro Festiwalu: Bia\u0142ostocki O\u015brodek Kultury ul. Legionowa 5 15-281 Bia\u0142ystok strona www: www.bok.bialystok.pl email: &#x65;&#46;pu&#x63;&#x7a;yn&#x73;&#x6b;&#97;&#64;b&#x6f;&#107;.b&#x69;&#x61;&#108;y&#x73;&#x74;&#111;k.&#x70;&#x6c; &#x69;&#x6d;&#x70;&#114;esa&#x72;&#x69;&#x61;&#116;&#64;bo&#x6b;&#x2e;&#x62;&#105;aly&#x73;&#x74;&#x6f;&#107;.pl https:\/\/www.facebook.com\/jesienzbluesem https:\/\/www.facebook.com\/Bialostocki.Osrodek.Kultury Biuro czynne: poniedzia\u0142ek &#8211; pi\u0105tek w godz. 8:30-16:00 Kontakt: tel. +48 85 [&hellip;]<\/p>\n","protected":false},"author":1,"featured_media":0,"parent":0,"menu_order":0,"comment_status":"closed","ping_status":"closed","template":"","meta":[],"_links":{"self":[{"href":"https:\/\/jesienzbluesem.pl\/2024\/wp-json\/wp\/v2\/pages\/61"}],"collection":[{"href":"https:\/\/jesienzbluesem.pl\/2024\/wp-json\/wp\/v2\/pages"}],"about":[{"href":"https:\/\/jesienzbluesem.pl\/2024\/wp-json\/wp\/v2\/types\/page"}],"author":[{"embeddable":true,"href":"https:\/\/jesienzbluesem.pl\/2024\/wp-json\/wp\/v2\/users\/1"}],"replies":[{"embeddable":true,"href":"https:\/\/jesienzbluesem.pl\/2024\/wp-json\/wp\/v2\/comments?post=61"}],"version-history":[{"count":0,"href":"https:\/\/jesienzbluesem.pl\/2024\/wp-json\/wp\/v2\/pages\/61\/revisions"}],"wp:attachment":[{"href":"https:\/\/jesienzbluesem.pl\/2024\/wp-json\/wp\/v2\/media?parent=61"}],"curies":[{"name":"wp","href":"https:\/\/api.w.org\/{rel}","templated":true}]}}